{"id":1661,"date":"2018-10-10T13:25:49","date_gmt":"2018-10-10T17:25:49","guid":{"rendered":"https:\/\/gesmtech.com\/?page_id=1661\/"},"modified":"2018-10-10T15:02:45","modified_gmt":"2018-10-10T19:02:45","slug":"reinigungchemie","status":"publish","type":"page","link":"https:\/\/gesmtech.com\/de\/reinigungchemie\/","title":{"rendered":"Reinigungchemie"},"content":{"rendered":"<a href=\"\/Ultraschalltechnik\/\" class=\"themedy-shortcode themedy-shortcode-button themedy-shortcode-button-colour-red themedy-shortcode-button-size-medium themedy-shortcode-button-edge-rounded\" target=\"_self\" style=\"background-color: #01b0f1\">Ultraschalltechnik<\/a>\n<a href=\"\/Spritzreinigung\/\" class=\"themedy-shortcode themedy-shortcode-button themedy-shortcode-button-colour-red themedy-shortcode-button-size-medium themedy-shortcode-button-edge-rounded\" target=\"_self\" style=\"background-color: #01b0f1\">Spritzreinigung<\/a>\n<a href=\"\/Pharmazeutische-Anwendungen\/\" class=\"themedy-shortcode themedy-shortcode-button themedy-shortcode-button-colour-red themedy-shortcode-button-size-medium themedy-shortcode-button-edge-rounded\" target=\"_self\" style=\"background-color: #01b0f1\">Pharmazeutische Anwendungen<\/a>\n<a href=\"\/Losungsmittelreinigung\/\" class=\"themedy-shortcode themedy-shortcode-button themedy-shortcode-button-colour-red themedy-shortcode-button-size-medium themedy-shortcode-button-edge-rounded\" target=\"_self\" style=\"background-color: #01b0f1\">L\u00f6sungsmittelreinigung<\/a>\n<a href=\"\/Oberflachenbehandlung\/\" class=\"themedy-shortcode themedy-shortcode-button themedy-shortcode-button-colour-red themedy-shortcode-button-size-medium themedy-shortcode-button-edge-rounded\" target=\"_self\" style=\"background-color: #01b0f1\">Oberfl\u00e4chenbehandlung<\/a>\n<a href=\"\/Prozess-Abwasseraufbereitung\/\" class=\"themedy-shortcode themedy-shortcode-button themedy-shortcode-button-colour-red themedy-shortcode-button-size-medium themedy-shortcode-button-edge-rounded\" target=\"_self\" style=\"background-color: #01b0f1\">Prozess \/ Abwasseraufbereitung<\/a>\n<p><a href=\"\/reinigungchemie\/\" class=\"themedy-shortcode themedy-shortcode-button themedy-shortcode-button-colour-red themedy-shortcode-button-size-medium themedy-shortcode-button-edge-rounded\" target=\"_self\" style=\"background-color: #01b0f1\">Reinigungschemie<\/a><br \/>\n&nbsp;<\/p>\n<h1 id=\"chemistry\" class=\"sous-titre informations\" style=\"text-align: center;\">Reinigungschemie<\/h1>\n<div class=\"themedy-shortcode themedy-shortcode-accordion\"><p><div class=\"themedy-shortcode themedy-shortcode-toggle themedy-shortcode-toggle-active\"><h3 class=\"themedy-shortcode themedy-shortcode-toggle-heading\">Reinigungsmittel \/ Metallveredlungschemikalien<i class=\"toggle-down fa fa-plus\"><\/i><i class=\"toggle-up fa fa-minus\"><\/i><\/h3><div class=\"themedy-shortcode themedy-shortcode-toggle-content\"><p><\/p>\n<p style=\"text-align: center;\">Unsere vollst\u00e4ndig recycelbare Produktpalette bestehend aus basischen, s\u00e4urehaltigen und pH neutralen Reinigungsmitteln eignen sich f\u00fcr eine gro\u00dfe Bandbreite an Substraten und B\u00f6den, einschlie\u00dflich Werkstattschmutz, Bearbeitungs\u00f6le und K\u00fchlemulsionen, Ziehfette, Schmierfette,<br \/>\nPolierpasten und L\u00e4ppmittelzus\u00e4tze sowie Oxide..<\/p>\n<p><\/p><\/div><\/div><\/p><\/div>\n","protected":false},"excerpt":{"rendered":"<p>&nbsp; Reinigungschemie<\/p>\n","protected":false},"author":1,"featured_media":0,"parent":0,"menu_order":0,"comment_status":"closed","ping_status":"closed","template":"","meta":{"footnotes":""},"class_list":["post-1661","page","type-page","status-publish","hentry","entry"],"yoast_head":"<!-- This site is optimized with the Yoast SEO plugin v25.6 - https:\/\/yoast.com\/wordpress\/plugins\/seo\/ -->\n<title>Reinigungchemie | GesmTech<\/title>\n<meta name=\"robots\" content=\"index, follow, max-snippet:-1, max-image-preview:large, max-video-preview:-1\" \/>\n<link rel=\"canonical\" href=\"https:\/\/gesmtech.com\/de\/reinigungchemie\/\" \/>\n<meta property=\"og:locale\" content=\"de_DE\" \/>\n<meta property=\"og:type\" content=\"article\" \/>\n<meta property=\"og:title\" content=\"Reinigungchemie | GesmTech\" \/>\n<meta property=\"og:description\" content=\"&nbsp; Reinigungschemie\" \/>\n<meta property=\"og:url\" content=\"https:\/\/gesmtech.com\/de\/reinigungchemie\/\" \/>\n<meta property=\"og:site_name\" content=\"GesmTech\" \/>\n<meta property=\"article:modified_time\" content=\"2018-10-10T19:02:45+00:00\" \/>\n<meta name=\"twitter:label1\" content=\"Gesch\u00e4tzte Lesezeit\" \/>\n\t<meta name=\"twitter:data1\" content=\"1\u00a0Minute\" \/>\n<script type=\"application\/ld+json\" class=\"yoast-schema-graph\">{\"@context\":\"https:\/\/schema.org\",\"@graph\":[{\"@type\":\"WebPage\",\"@id\":\"https:\/\/gesmtech.com\/de\/reinigungchemie\/\",\"url\":\"https:\/\/gesmtech.com\/de\/reinigungchemie\/\",\"name\":\"Reinigungchemie | GesmTech\",\"isPartOf\":{\"@id\":\"http:\/\/gesmtechv2.wph-dynafit.codepublish.ca\/#website\"},\"datePublished\":\"2018-10-10T17:25:49+00:00\",\"dateModified\":\"2018-10-10T19:02:45+00:00\",\"breadcrumb\":{\"@id\":\"https:\/\/gesmtech.com\/de\/reinigungchemie\/#breadcrumb\"},\"inLanguage\":\"de\",\"potentialAction\":[{\"@type\":\"ReadAction\",\"target\":[\"https:\/\/gesmtech.com\/de\/reinigungchemie\/\"]}]},{\"@type\":\"BreadcrumbList\",\"@id\":\"https:\/\/gesmtech.com\/de\/reinigungchemie\/#breadcrumb\",\"itemListElement\":[{\"@type\":\"ListItem\",\"position\":1,\"name\":\"Home\",\"item\":\"http:\/\/gesmtechv2.wph-dynafit.codepublish.ca\/\"},{\"@type\":\"ListItem\",\"position\":2,\"name\":\"Reinigungchemie\"}]},{\"@type\":\"WebSite\",\"@id\":\"http:\/\/gesmtechv2.wph-dynafit.codepublish.ca\/#website\",\"url\":\"http:\/\/gesmtechv2.wph-dynafit.codepublish.ca\/\",\"name\":\"GesmTech\",\"description\":\"\",\"publisher\":{\"@id\":\"http:\/\/gesmtechv2.wph-dynafit.codepublish.ca\/#organization\"},\"potentialAction\":[{\"@type\":\"SearchAction\",\"target\":{\"@type\":\"EntryPoint\",\"urlTemplate\":\"http:\/\/gesmtechv2.wph-dynafit.codepublish.ca\/?s={search_term_string}\"},\"query-input\":{\"@type\":\"PropertyValueSpecification\",\"valueRequired\":true,\"valueName\":\"search_term_string\"}}],\"inLanguage\":\"de\"},{\"@type\":\"Organization\",\"@id\":\"http:\/\/gesmtechv2.wph-dynafit.codepublish.ca\/#organization\",\"name\":\"GESMtech\",\"url\":\"http:\/\/gesmtechv2.wph-dynafit.codepublish.ca\/\",\"logo\":{\"@type\":\"ImageObject\",\"inLanguage\":\"de\",\"@id\":\"http:\/\/gesmtechv2.wph-dynafit.codepublish.ca\/#\/schema\/logo\/image\/\",\"url\":\"https:\/\/gesmtech.com\/wp-content\/uploads\/2019\/03\/Logo-GESM01.jpg\",\"contentUrl\":\"https:\/\/gesmtech.com\/wp-content\/uploads\/2019\/03\/Logo-GESM01.jpg\",\"width\":630,\"height\":150,\"caption\":\"GESMtech\"},\"image\":{\"@id\":\"http:\/\/gesmtechv2.wph-dynafit.codepublish.ca\/#\/schema\/logo\/image\/\"}}]}<\/script>\n<!-- \/ Yoast SEO plugin. -->","yoast_head_json":{"title":"Reinigungchemie | GesmTech","robots":{"index":"index","follow":"follow","max-snippet":"max-snippet:-1","max-image-preview":"max-image-preview:large","max-video-preview":"max-video-preview:-1"},"canonical":"https:\/\/gesmtech.com\/de\/reinigungchemie\/","og_locale":"de_DE","og_type":"article","og_title":"Reinigungchemie | GesmTech","og_description":"&nbsp; Reinigungschemie","og_url":"https:\/\/gesmtech.com\/de\/reinigungchemie\/","og_site_name":"GesmTech","article_modified_time":"2018-10-10T19:02:45+00:00","twitter_misc":{"Gesch\u00e4tzte Lesezeit":"1\u00a0Minute"},"schema":{"@context":"https:\/\/schema.org","@graph":[{"@type":"WebPage","@id":"https:\/\/gesmtech.com\/de\/reinigungchemie\/","url":"https:\/\/gesmtech.com\/de\/reinigungchemie\/","name":"Reinigungchemie | GesmTech","isPartOf":{"@id":"http:\/\/gesmtechv2.wph-dynafit.codepublish.ca\/#website"},"datePublished":"2018-10-10T17:25:49+00:00","dateModified":"2018-10-10T19:02:45+00:00","breadcrumb":{"@id":"https:\/\/gesmtech.com\/de\/reinigungchemie\/#breadcrumb"},"inLanguage":"de","potentialAction":[{"@type":"ReadAction","target":["https:\/\/gesmtech.com\/de\/reinigungchemie\/"]}]},{"@type":"BreadcrumbList","@id":"https:\/\/gesmtech.com\/de\/reinigungchemie\/#breadcrumb","itemListElement":[{"@type":"ListItem","position":1,"name":"Home","item":"http:\/\/gesmtechv2.wph-dynafit.codepublish.ca\/"},{"@type":"ListItem","position":2,"name":"Reinigungchemie"}]},{"@type":"WebSite","@id":"http:\/\/gesmtechv2.wph-dynafit.codepublish.ca\/#website","url":"http:\/\/gesmtechv2.wph-dynafit.codepublish.ca\/","name":"GesmTech","description":"","publisher":{"@id":"http:\/\/gesmtechv2.wph-dynafit.codepublish.ca\/#organization"},"potentialAction":[{"@type":"SearchAction","target":{"@type":"EntryPoint","urlTemplate":"http:\/\/gesmtechv2.wph-dynafit.codepublish.ca\/?s={search_term_string}"},"query-input":{"@type":"PropertyValueSpecification","valueRequired":true,"valueName":"search_term_string"}}],"inLanguage":"de"},{"@type":"Organization","@id":"http:\/\/gesmtechv2.wph-dynafit.codepublish.ca\/#organization","name":"GESMtech","url":"http:\/\/gesmtechv2.wph-dynafit.codepublish.ca\/","logo":{"@type":"ImageObject","inLanguage":"de","@id":"http:\/\/gesmtechv2.wph-dynafit.codepublish.ca\/#\/schema\/logo\/image\/","url":"https:\/\/gesmtech.com\/wp-content\/uploads\/2019\/03\/Logo-GESM01.jpg","contentUrl":"https:\/\/gesmtech.com\/wp-content\/uploads\/2019\/03\/Logo-GESM01.jpg","width":630,"height":150,"caption":"GESMtech"},"image":{"@id":"http:\/\/gesmtechv2.wph-dynafit.codepublish.ca\/#\/schema\/logo\/image\/"}}]}},"_links":{"self":[{"href":"https:\/\/gesmtech.com\/de\/wp-json\/wp\/v2\/pages\/1661"}],"collection":[{"href":"https:\/\/gesmtech.com\/de\/wp-json\/wp\/v2\/pages"}],"about":[{"href":"https:\/\/gesmtech.com\/de\/wp-json\/wp\/v2\/types\/page"}],"author":[{"embeddable":true,"href":"https:\/\/gesmtech.com\/de\/wp-json\/wp\/v2\/users\/1"}],"replies":[{"embeddable":true,"href":"https:\/\/gesmtech.com\/de\/wp-json\/wp\/v2\/comments?post=1661"}],"version-history":[{"count":5,"href":"https:\/\/gesmtech.com\/de\/wp-json\/wp\/v2\/pages\/1661\/revisions"}],"predecessor-version":[{"id":1809,"href":"https:\/\/gesmtech.com\/de\/wp-json\/wp\/v2\/pages\/1661\/revisions\/1809"}],"wp:attachment":[{"href":"https:\/\/gesmtech.com\/de\/wp-json\/wp\/v2\/media?parent=1661"}],"curies":[{"name":"wp","href":"https:\/\/api.w.org\/{rel}","templated":true}]}}