{"id":1749,"date":"2018-10-10T13:59:41","date_gmt":"2018-10-10T17:59:41","guid":{"rendered":"https:\/\/gesmtech.com\/?page_id=1749\/"},"modified":"2018-10-17T08:04:20","modified_gmt":"2018-10-17T12:04:20","slug":"dienstleistungen","status":"publish","type":"page","link":"https:\/\/gesmtech.com\/de\/dienstleistungen\/","title":{"rendered":"DIENSTLEISTUNGEN"},"content":{"rendered":"<div id=\"metaslider-id-1127\" style=\"width: 100%; margin: 0 auto;\" class=\"ml-slider-3-108-0 ml-slider-pro-2-56-0 metaslider metaslider-nivo metaslider-1127 ml-slider has-dots-nav ms-theme-default\" role=\"region\" aria-label=\"Homepage slider DE\" data-height=\"45\" data-width=\"1200\">\n    <div id=\"metaslider_container_1127\">\n        <div class='slider-wrapper theme-default'><div class='ribbon'><\/div><div id='metaslider_1127' class='nivoSlider'><img loading=\"lazy\" decoding=\"async\" width=\"1750\" height=\"450\" src=\"https:\/\/gesmtech.com\/wp-content\/uploads\/2018\/10\/metasliders_gesm_german_M2.jpg\" class=\"slider-1127 slide-1641 msDefaultImage\" alt=\"\" data-caption=\"\" data-thumb=\"\" title=\"metasliders_gesm_german_M2\" rel=\"\" srcset=\"https:\/\/gesmtech.com\/wp-content\/uploads\/2018\/10\/metasliders_gesm_german_M2.jpg 1750w, https:\/\/gesmtech.com\/wp-content\/uploads\/2018\/10\/metasliders_gesm_german_M2-300x77.jpg 300w, https:\/\/gesmtech.com\/wp-content\/uploads\/2018\/10\/metasliders_gesm_german_M2-768x197.jpg 768w, https:\/\/gesmtech.com\/wp-content\/uploads\/2018\/10\/metasliders_gesm_german_M2-1024x263.jpg 1024w\" sizes=\"(max-width: 1750px) 100vw, 1750px\" \/><img loading=\"lazy\" decoding=\"async\" width=\"1750\" height=\"450\" src=\"https:\/\/gesmtech.com\/wp-content\/uploads\/2018\/10\/metasliders_gesm_german_M3.jpg\" class=\"slider-1127 slide-1642 msDefaultImage\" alt=\"\" data-caption=\"\" data-thumb=\"\" title=\"metasliders_gesm_german_M3\" rel=\"\" srcset=\"https:\/\/gesmtech.com\/wp-content\/uploads\/2018\/10\/metasliders_gesm_german_M3.jpg 1750w, https:\/\/gesmtech.com\/wp-content\/uploads\/2018\/10\/metasliders_gesm_german_M3-300x77.jpg 300w, https:\/\/gesmtech.com\/wp-content\/uploads\/2018\/10\/metasliders_gesm_german_M3-768x197.jpg 768w, https:\/\/gesmtech.com\/wp-content\/uploads\/2018\/10\/metasliders_gesm_german_M3-1024x263.jpg 1024w\" sizes=\"(max-width: 1750px) 100vw, 1750px\" \/><img loading=\"lazy\" decoding=\"async\" width=\"1750\" height=\"450\" src=\"https:\/\/gesmtech.com\/wp-content\/uploads\/2018\/10\/metasliders_gesm_german_M4.jpg\" class=\"slider-1127 slide-1643 msDefaultImage\" alt=\"\" data-caption=\"\" data-thumb=\"\" title=\"metasliders_gesm_german_M4\" rel=\"\" srcset=\"https:\/\/gesmtech.com\/wp-content\/uploads\/2018\/10\/metasliders_gesm_german_M4.jpg 1750w, https:\/\/gesmtech.com\/wp-content\/uploads\/2018\/10\/metasliders_gesm_german_M4-300x77.jpg 300w, https:\/\/gesmtech.com\/wp-content\/uploads\/2018\/10\/metasliders_gesm_german_M4-768x197.jpg 768w, https:\/\/gesmtech.com\/wp-content\/uploads\/2018\/10\/metasliders_gesm_german_M4-1024x263.jpg 1024w\" sizes=\"(max-width: 1750px) 100vw, 1750px\" \/><img loading=\"lazy\" decoding=\"async\" width=\"1750\" height=\"450\" src=\"https:\/\/gesmtech.com\/wp-content\/uploads\/2018\/10\/metasliders_gesm_german_M5.jpg\" class=\"slider-1127 slide-1644 msDefaultImage\" alt=\"\" data-caption=\"\" data-thumb=\"\" title=\"metasliders_gesm_german_M5\" rel=\"\" srcset=\"https:\/\/gesmtech.com\/wp-content\/uploads\/2018\/10\/metasliders_gesm_german_M5.jpg 1750w, https:\/\/gesmtech.com\/wp-content\/uploads\/2018\/10\/metasliders_gesm_german_M5-300x77.jpg 300w, https:\/\/gesmtech.com\/wp-content\/uploads\/2018\/10\/metasliders_gesm_german_M5-768x197.jpg 768w, https:\/\/gesmtech.com\/wp-content\/uploads\/2018\/10\/metasliders_gesm_german_M5-1024x263.jpg 1024w\" sizes=\"(max-width: 1750px) 100vw, 1750px\" \/><img loading=\"lazy\" decoding=\"async\" width=\"1750\" height=\"450\" src=\"https:\/\/gesmtech.com\/wp-content\/uploads\/2018\/10\/metasliders_gesm_german_M6.jpg\" class=\"slider-1127 slide-1645 msDefaultImage\" alt=\"\" data-caption=\"\" data-thumb=\"\" title=\"metasliders_gesm_german_M6\" rel=\"\" srcset=\"https:\/\/gesmtech.com\/wp-content\/uploads\/2018\/10\/metasliders_gesm_german_M6.jpg 1750w, https:\/\/gesmtech.com\/wp-content\/uploads\/2018\/10\/metasliders_gesm_german_M6-300x77.jpg 300w, https:\/\/gesmtech.com\/wp-content\/uploads\/2018\/10\/metasliders_gesm_german_M6-768x197.jpg 768w, https:\/\/gesmtech.com\/wp-content\/uploads\/2018\/10\/metasliders_gesm_german_M6-1024x263.jpg 1024w\" sizes=\"(max-width: 1750px) 100vw, 1750px\" \/><img loading=\"lazy\" decoding=\"async\" width=\"1750\" height=\"450\" src=\"https:\/\/gesmtech.com\/wp-content\/uploads\/2018\/10\/metasliders_gesm_german_M7.jpg\" class=\"slider-1127 slide-1646 msDefaultImage\" alt=\"\" data-caption=\"\" data-thumb=\"\" title=\"metasliders_gesm_german_M7\" rel=\"\" srcset=\"https:\/\/gesmtech.com\/wp-content\/uploads\/2018\/10\/metasliders_gesm_german_M7.jpg 1750w, https:\/\/gesmtech.com\/wp-content\/uploads\/2018\/10\/metasliders_gesm_german_M7-300x77.jpg 300w, https:\/\/gesmtech.com\/wp-content\/uploads\/2018\/10\/metasliders_gesm_german_M7-768x197.jpg 768w, https:\/\/gesmtech.com\/wp-content\/uploads\/2018\/10\/metasliders_gesm_german_M7-1024x263.jpg 1024w\" sizes=\"(max-width: 1750px) 100vw, 1750px\" \/><\/div><\/div>\n        \n    <\/div>\n<\/div>\n<div class=\"themedy-shortcode themedy-shortcode-toggle themedy-shortcode-toggle-active\"><h3 class=\"themedy-shortcode themedy-shortcode-toggle-heading\">Voranalyse<i class=\"toggle-down fa fa-caret-down\"><\/i><i class=\"toggle-up fa fa-caret-up\"><\/i><\/h3><div class=\"themedy-shortcode themedy-shortcode-toggle-content\"><p><\/p>\n<p><img loading=\"lazy\" decoding=\"async\" class=\"alignnone wp-image-1193 size-medium\" src=\"https:\/\/gesmtech.com\/wp-content\/uploads\/2018\/09\/P9_1000-300x300.jpg\" alt=\"\" width=\"300\" height=\"300\" srcset=\"https:\/\/gesmtech.com\/wp-content\/uploads\/2018\/09\/P9_1000-300x300.jpg 300w, https:\/\/gesmtech.com\/wp-content\/uploads\/2018\/09\/P9_1000-150x150.jpg 150w, https:\/\/gesmtech.com\/wp-content\/uploads\/2018\/09\/P9_1000-768x768.jpg 768w, https:\/\/gesmtech.com\/wp-content\/uploads\/2018\/09\/P9_1000-75x75.jpg 75w, https:\/\/gesmtech.com\/wp-content\/uploads\/2018\/09\/P9_1000.jpg 1000w\" sizes=\"(max-width: 300px) 100vw, 300px\" \/><\/p>\n<p>Wir besuchen Ihre Anlage um Ihre Bed\u00fcrfnisse zu verstehen und die spezifischen Anforderungen f\u00fcr Ihre Anwendung zu ermitteln.<\/p>\n<p><\/p><\/div><\/div>\n<div class=\"themedy-shortcode themedy-shortcode-toggle themedy-shortcode-toggle-active\"><h3 class=\"themedy-shortcode themedy-shortcode-toggle-heading\">Angebot<i class=\"toggle-down fa fa-caret-down\"><\/i><i class=\"toggle-up fa fa-caret-up\"><\/i><\/h3><div class=\"themedy-shortcode themedy-shortcode-toggle-content\"><p><\/p>\n<p><img loading=\"lazy\" decoding=\"async\" class=\"alignnone wp-image-1196 size-medium\" src=\"https:\/\/gesmtech.com\/wp-content\/uploads\/2018\/09\/P10_1000-300x300.jpg\" alt=\"\" width=\"300\" height=\"300\" srcset=\"https:\/\/gesmtech.com\/wp-content\/uploads\/2018\/09\/P10_1000-300x300.jpg 300w, https:\/\/gesmtech.com\/wp-content\/uploads\/2018\/09\/P10_1000-150x150.jpg 150w, https:\/\/gesmtech.com\/wp-content\/uploads\/2018\/09\/P10_1000-768x768.jpg 768w, https:\/\/gesmtech.com\/wp-content\/uploads\/2018\/09\/P10_1000-75x75.jpg 75w, https:\/\/gesmtech.com\/wp-content\/uploads\/2018\/09\/P10_1000.jpg 1000w\" sizes=\"(max-width: 300px) 100vw, 300px\" \/><\/p>\n<p style=\"text-align: left;\">Wir f\u00fchren Voranalysen und Vorplanungen durch, nehmen Sauberkeitspr\u00fcfungen vor, definieren den Projektumfang und<br \/>\nerarbeiten gemeinsam mit unseren Partnern das unter technischen und kostentechnischen Gesichtspunkten optimale Angebot f\u00fcr Sie.<\/p>\n<p><\/p><\/div><\/div>\n<div class=\"themedy-shortcode themedy-shortcode-toggle themedy-shortcode-toggle-active\"><h3 class=\"themedy-shortcode themedy-shortcode-toggle-heading\">Umsetzung<i class=\"toggle-down fa fa-caret-down\"><\/i><i class=\"toggle-up fa fa-caret-up\"><\/i><\/h3><div class=\"themedy-shortcode themedy-shortcode-toggle-content\"><p><\/p>\n<p><img loading=\"lazy\" decoding=\"async\" class=\"alignnone wp-image-1197 size-medium\" src=\"https:\/\/gesmtech.com\/wp-content\/uploads\/2018\/09\/P11_1000-300x300.jpg\" alt=\"\" width=\"300\" height=\"300\" srcset=\"https:\/\/gesmtech.com\/wp-content\/uploads\/2018\/09\/P11_1000-300x300.jpg 300w, https:\/\/gesmtech.com\/wp-content\/uploads\/2018\/09\/P11_1000-150x150.jpg 150w, https:\/\/gesmtech.com\/wp-content\/uploads\/2018\/09\/P11_1000-768x768.jpg 768w, https:\/\/gesmtech.com\/wp-content\/uploads\/2018\/09\/P11_1000-75x75.jpg 75w, https:\/\/gesmtech.com\/wp-content\/uploads\/2018\/09\/P11_1000.jpg 1000w\" sizes=\"(max-width: 300px) 100vw, 300px\" \/><\/p>\n<p>Wir stellen in enger Zusammenarbeit mit unseren Partnern die Anlage genau nach den vereinbarten Spezifikationen her und garantieren die vollst\u00e4ndige Einhaltung technischer und kommerzieller Standards auf Basis unserer Inspektions- und<br \/>\nTestverfahren. Zudem f\u00fchren wir den Factory Acceptance Test (FAT) durch und liefern Ihnen die komplette Anlage an Ihren Standort.<\/p>\n<p><\/p><\/div><\/div>\n<div class=\"themedy-shortcode themedy-shortcode-toggle themedy-shortcode-toggle-active\"><h3 class=\"themedy-shortcode themedy-shortcode-toggle-heading\">Service<i class=\"toggle-down fa fa-caret-down\"><\/i><i class=\"toggle-up fa fa-caret-up\"><\/i><\/h3><div class=\"themedy-shortcode themedy-shortcode-toggle-content\"><p><\/p>\n<p><img loading=\"lazy\" decoding=\"async\" class=\"alignnone wp-image-1198 size-medium\" src=\"https:\/\/gesmtech.com\/wp-content\/uploads\/2018\/09\/P12N_1000-300x300.jpg\" alt=\"\" width=\"300\" height=\"300\" srcset=\"https:\/\/gesmtech.com\/wp-content\/uploads\/2018\/09\/P12N_1000-300x300.jpg 300w, https:\/\/gesmtech.com\/wp-content\/uploads\/2018\/09\/P12N_1000-150x150.jpg 150w, https:\/\/gesmtech.com\/wp-content\/uploads\/2018\/09\/P12N_1000-768x768.jpg 768w, https:\/\/gesmtech.com\/wp-content\/uploads\/2018\/09\/P12N_1000-75x75.jpg 75w, https:\/\/gesmtech.com\/wp-content\/uploads\/2018\/09\/P12N_1000.jpg 1000w\" sizes=\"(max-width: 300px) 100vw, 300px\" \/><\/p>\n<p>Wir bieten eine Reihe zus\u00e4tzlicher Serviceleistungen an, einschlie\u00dflich Installation, Unterst\u00fctzung bei der Inbetriebnahme, Bedienerschulung, Life-Cycle Services zur Verl\u00e4ngerung der Betriebs- und Lebensdauer der Anlage und Optimierung der Maschinen Verf\u00fcgbarkeit.<\/p>\n<p><\/p><\/div><\/div>\n","protected":false},"excerpt":{"rendered":"","protected":false},"author":1,"featured_media":1668,"parent":0,"menu_order":0,"comment_status":"closed","ping_status":"closed","template":"","meta":{"footnotes":""},"class_list":["post-1749","page","type-page","status-publish","has-post-thumbnail","hentry","entry"],"yoast_head":"<!-- This site is optimized with the Yoast SEO plugin v25.6 - https:\/\/yoast.com\/wordpress\/plugins\/seo\/ -->\n<title>DIENSTLEISTUNGEN | GesmTech<\/title>\n<meta name=\"robots\" content=\"index, follow, max-snippet:-1, max-image-preview:large, max-video-preview:-1\" \/>\n<link rel=\"canonical\" href=\"https:\/\/gesmtech.com\/de\/dienstleistungen\/\" \/>\n<meta property=\"og:locale\" content=\"de_DE\" \/>\n<meta property=\"og:type\" content=\"article\" \/>\n<meta property=\"og:title\" content=\"DIENSTLEISTUNGEN | GesmTech\" \/>\n<meta property=\"og:url\" content=\"https:\/\/gesmtech.com\/de\/dienstleistungen\/\" \/>\n<meta property=\"og:site_name\" content=\"GesmTech\" \/>\n<meta property=\"article:modified_time\" content=\"2018-10-17T12:04:20+00:00\" \/>\n<meta property=\"og:image\" content=\"http:\/\/gesmtechv2.wph-dynafit.codepublish.ca\/wp-content\/uploads\/2014\/09\/placeholder-2.jpg\" \/>\n\t<meta property=\"og:image:width\" content=\"640\" \/>\n\t<meta property=\"og:image:height\" content=\"480\" \/>\n\t<meta property=\"og:image:type\" content=\"image\/jpeg\" \/>\n<meta name=\"twitter:label1\" content=\"Gesch\u00e4tzte Lesezeit\" \/>\n\t<meta name=\"twitter:data1\" content=\"1\u00a0Minute\" \/>\n<script type=\"application\/ld+json\" class=\"yoast-schema-graph\">{\"@context\":\"https:\/\/schema.org\",\"@graph\":[{\"@type\":\"WebPage\",\"@id\":\"https:\/\/gesmtech.com\/de\/dienstleistungen\/\",\"url\":\"https:\/\/gesmtech.com\/de\/dienstleistungen\/\",\"name\":\"DIENSTLEISTUNGEN | GesmTech\",\"isPartOf\":{\"@id\":\"http:\/\/gesmtechv2.wph-dynafit.codepublish.ca\/#website\"},\"primaryImageOfPage\":{\"@id\":\"https:\/\/gesmtech.com\/de\/dienstleistungen\/#primaryimage\"},\"image\":{\"@id\":\"https:\/\/gesmtech.com\/de\/dienstleistungen\/#primaryimage\"},\"thumbnailUrl\":\"https:\/\/gesmtech.com\/wp-content\/uploads\/2014\/09\/placeholder-2.jpg\",\"datePublished\":\"2018-10-10T17:59:41+00:00\",\"dateModified\":\"2018-10-17T12:04:20+00:00\",\"breadcrumb\":{\"@id\":\"https:\/\/gesmtech.com\/de\/dienstleistungen\/#breadcrumb\"},\"inLanguage\":\"de\",\"potentialAction\":[{\"@type\":\"ReadAction\",\"target\":[\"https:\/\/gesmtech.com\/de\/dienstleistungen\/\"]}]},{\"@type\":\"ImageObject\",\"inLanguage\":\"de\",\"@id\":\"https:\/\/gesmtech.com\/de\/dienstleistungen\/#primaryimage\",\"url\":\"https:\/\/gesmtech.com\/wp-content\/uploads\/2014\/09\/placeholder-2.jpg\",\"contentUrl\":\"https:\/\/gesmtech.com\/wp-content\/uploads\/2014\/09\/placeholder-2.jpg\",\"width\":640,\"height\":480},{\"@type\":\"BreadcrumbList\",\"@id\":\"https:\/\/gesmtech.com\/de\/dienstleistungen\/#breadcrumb\",\"itemListElement\":[{\"@type\":\"ListItem\",\"position\":1,\"name\":\"Home\",\"item\":\"http:\/\/gesmtechv2.wph-dynafit.codepublish.ca\/\"},{\"@type\":\"ListItem\",\"position\":2,\"name\":\"DIENSTLEISTUNGEN\"}]},{\"@type\":\"WebSite\",\"@id\":\"http:\/\/gesmtechv2.wph-dynafit.codepublish.ca\/#website\",\"url\":\"http:\/\/gesmtechv2.wph-dynafit.codepublish.ca\/\",\"name\":\"GesmTech\",\"description\":\"\",\"publisher\":{\"@id\":\"http:\/\/gesmtechv2.wph-dynafit.codepublish.ca\/#organization\"},\"potentialAction\":[{\"@type\":\"SearchAction\",\"target\":{\"@type\":\"EntryPoint\",\"urlTemplate\":\"http:\/\/gesmtechv2.wph-dynafit.codepublish.ca\/?s={search_term_string}\"},\"query-input\":{\"@type\":\"PropertyValueSpecification\",\"valueRequired\":true,\"valueName\":\"search_term_string\"}}],\"inLanguage\":\"de\"},{\"@type\":\"Organization\",\"@id\":\"http:\/\/gesmtechv2.wph-dynafit.codepublish.ca\/#organization\",\"name\":\"GESMtech\",\"url\":\"http:\/\/gesmtechv2.wph-dynafit.codepublish.ca\/\",\"logo\":{\"@type\":\"ImageObject\",\"inLanguage\":\"de\",\"@id\":\"http:\/\/gesmtechv2.wph-dynafit.codepublish.ca\/#\/schema\/logo\/image\/\",\"url\":\"https:\/\/gesmtech.com\/wp-content\/uploads\/2019\/03\/Logo-GESM01.jpg\",\"contentUrl\":\"https:\/\/gesmtech.com\/wp-content\/uploads\/2019\/03\/Logo-GESM01.jpg\",\"width\":630,\"height\":150,\"caption\":\"GESMtech\"},\"image\":{\"@id\":\"http:\/\/gesmtechv2.wph-dynafit.codepublish.ca\/#\/schema\/logo\/image\/\"}}]}<\/script>\n<!-- \/ Yoast SEO plugin. -->","yoast_head_json":{"title":"DIENSTLEISTUNGEN | GesmTech","robots":{"index":"index","follow":"follow","max-snippet":"max-snippet:-1","max-image-preview":"max-image-preview:large","max-video-preview":"max-video-preview:-1"},"canonical":"https:\/\/gesmtech.com\/de\/dienstleistungen\/","og_locale":"de_DE","og_type":"article","og_title":"DIENSTLEISTUNGEN | GesmTech","og_url":"https:\/\/gesmtech.com\/de\/dienstleistungen\/","og_site_name":"GesmTech","article_modified_time":"2018-10-17T12:04:20+00:00","og_image":[{"width":640,"height":480,"url":"http:\/\/gesmtechv2.wph-dynafit.codepublish.ca\/wp-content\/uploads\/2014\/09\/placeholder-2.jpg","type":"image\/jpeg"}],"twitter_misc":{"Gesch\u00e4tzte Lesezeit":"1\u00a0Minute"},"schema":{"@context":"https:\/\/schema.org","@graph":[{"@type":"WebPage","@id":"https:\/\/gesmtech.com\/de\/dienstleistungen\/","url":"https:\/\/gesmtech.com\/de\/dienstleistungen\/","name":"DIENSTLEISTUNGEN | GesmTech","isPartOf":{"@id":"http:\/\/gesmtechv2.wph-dynafit.codepublish.ca\/#website"},"primaryImageOfPage":{"@id":"https:\/\/gesmtech.com\/de\/dienstleistungen\/#primaryimage"},"image":{"@id":"https:\/\/gesmtech.com\/de\/dienstleistungen\/#primaryimage"},"thumbnailUrl":"https:\/\/gesmtech.com\/wp-content\/uploads\/2014\/09\/placeholder-2.jpg","datePublished":"2018-10-10T17:59:41+00:00","dateModified":"2018-10-17T12:04:20+00:00","breadcrumb":{"@id":"https:\/\/gesmtech.com\/de\/dienstleistungen\/#breadcrumb"},"inLanguage":"de","potentialAction":[{"@type":"ReadAction","target":["https:\/\/gesmtech.com\/de\/dienstleistungen\/"]}]},{"@type":"ImageObject","inLanguage":"de","@id":"https:\/\/gesmtech.com\/de\/dienstleistungen\/#primaryimage","url":"https:\/\/gesmtech.com\/wp-content\/uploads\/2014\/09\/placeholder-2.jpg","contentUrl":"https:\/\/gesmtech.com\/wp-content\/uploads\/2014\/09\/placeholder-2.jpg","width":640,"height":480},{"@type":"BreadcrumbList","@id":"https:\/\/gesmtech.com\/de\/dienstleistungen\/#breadcrumb","itemListElement":[{"@type":"ListItem","position":1,"name":"Home","item":"http:\/\/gesmtechv2.wph-dynafit.codepublish.ca\/"},{"@type":"ListItem","position":2,"name":"DIENSTLEISTUNGEN"}]},{"@type":"WebSite","@id":"http:\/\/gesmtechv2.wph-dynafit.codepublish.ca\/#website","url":"http:\/\/gesmtechv2.wph-dynafit.codepublish.ca\/","name":"GesmTech","description":"","publisher":{"@id":"http:\/\/gesmtechv2.wph-dynafit.codepublish.ca\/#organization"},"potentialAction":[{"@type":"SearchAction","target":{"@type":"EntryPoint","urlTemplate":"http:\/\/gesmtechv2.wph-dynafit.codepublish.ca\/?s={search_term_string}"},"query-input":{"@type":"PropertyValueSpecification","valueRequired":true,"valueName":"search_term_string"}}],"inLanguage":"de"},{"@type":"Organization","@id":"http:\/\/gesmtechv2.wph-dynafit.codepublish.ca\/#organization","name":"GESMtech","url":"http:\/\/gesmtechv2.wph-dynafit.codepublish.ca\/","logo":{"@type":"ImageObject","inLanguage":"de","@id":"http:\/\/gesmtechv2.wph-dynafit.codepublish.ca\/#\/schema\/logo\/image\/","url":"https:\/\/gesmtech.com\/wp-content\/uploads\/2019\/03\/Logo-GESM01.jpg","contentUrl":"https:\/\/gesmtech.com\/wp-content\/uploads\/2019\/03\/Logo-GESM01.jpg","width":630,"height":150,"caption":"GESMtech"},"image":{"@id":"http:\/\/gesmtechv2.wph-dynafit.codepublish.ca\/#\/schema\/logo\/image\/"}}]}},"_links":{"self":[{"href":"https:\/\/gesmtech.com\/de\/wp-json\/wp\/v2\/pages\/1749"}],"collection":[{"href":"https:\/\/gesmtech.com\/de\/wp-json\/wp\/v2\/pages"}],"about":[{"href":"https:\/\/gesmtech.com\/de\/wp-json\/wp\/v2\/types\/page"}],"author":[{"embeddable":true,"href":"https:\/\/gesmtech.com\/de\/wp-json\/wp\/v2\/users\/1"}],"replies":[{"embeddable":true,"href":"https:\/\/gesmtech.com\/de\/wp-json\/wp\/v2\/comments?post=1749"}],"version-history":[{"count":2,"href":"https:\/\/gesmtech.com\/de\/wp-json\/wp\/v2\/pages\/1749\/revisions"}],"predecessor-version":[{"id":1905,"href":"https:\/\/gesmtech.com\/de\/wp-json\/wp\/v2\/pages\/1749\/revisions\/1905"}],"wp:featuredmedia":[{"embeddable":true,"href":"https:\/\/gesmtech.com\/de\/wp-json\/wp\/v2\/media\/1668"}],"wp:attachment":[{"href":"https:\/\/gesmtech.com\/de\/wp-json\/wp\/v2\/media?parent=1749"}],"curies":[{"name":"wp","href":"https:\/\/api.w.org\/{rel}","templated":true}]}}